{"id":17883,"date":"2021-02-11T23:47:42","date_gmt":"2021-02-11T23:47:42","guid":{"rendered":"http:\/\/agathalupo.com.br\/agatha-lojinha\/?post_type=product&#038;p=17883"},"modified":"2021-02-13T00:10:29","modified_gmt":"2021-02-13T00:10:29","slug":"pulseira-ajustavel-em-ambar-baltico-em-fio-marrom","status":"publish","type":"product","link":"https:\/\/agathalupo.com.br\/agatha-lojinha\/loja\/pulseira-ajustavel-em-ambar-baltico-em-fio-marrom\/","title":{"rendered":"Pulseira Ajust\u00e1vel em \u00c2mbar B\u00e1ltico em fio marrom."},"content":{"rendered":"<div id=\"mceu_20\" class=\"mce-widget mce-btn mce-first\" tabindex=\"-1\" role=\"button\" aria-pressed=\"false\" aria-label=\"Riscado (\u2303\u2325D)\"><\/div>\n<div id=\"mceu_21\" class=\"mce-widget mce-btn\" tabindex=\"-1\" role=\"button\" aria-label=\"Linha horizontal\">\n<p>Pulseira \u00a0Ajust\u00e1vel em \u00c2mbar B\u00e1ltico. Servindo infantil e Adulto, variando de 16 a 23 cent\u00edmetros. com abertura de at\u00e9 30 cent\u00edmetros, podendo servir at\u00e9 como tornozeleiras.<\/p>\n<p>As pulseiras possuem pedras em\u00a0\u00c2mbar B\u00e1ltico autentico 100% natural em fio de cetim confeccionados artesanalmente uma a uma.<\/p>\n<p>OBS. Os tons das pulseiras, tanto dos fios, quanto das pedras em \u00e2mbar Baltico podem sofrer varia\u00e7\u00f5es.<\/p>\n<\/div>\n<div id=\"mceu_22\" class=\"mce-widget mce-btn mce-splitbtn mce-colorbutton\" tabindex=\"-1\" role=\"button\" aria-haspopup=\"true\" aria-label=\"Cor do texto\"><\/div>\n<div id=\"mceu_23\" class=\"mce-widget mce-btn\" tabindex=\"-1\" role=\"button\" aria-pressed=\"false\" aria-label=\"Colar como texto\"><\/div>\n<div id=\"mceu_24\" class=\"mce-widget mce-btn\" tabindex=\"-1\" role=\"button\" aria-label=\"Limpar formata\u00e7\u00e3o\"><\/div>\n<div id=\"mceu_25\" class=\"mce-widget mce-btn\" tabindex=\"-1\" role=\"button\" aria-label=\"Caracteres especiais\"><\/div>\n<div id=\"mceu_26\" class=\"mce-widget mce-btn\" tabindex=\"-1\" role=\"button\" aria-label=\"Diminuir a indenta\u00e7\u00e3o\"><\/div>\n<div id=\"mceu_27\" class=\"mce-widget mce-btn\" tabindex=\"-1\" role=\"button\" aria-label=\"Aumentar a indenta\u00e7\u00e3o\"><\/div>\n<div id=\"mceu_28\" class=\"mce-widget mce-btn mce-disabled\" tabindex=\"-1\" role=\"button\" aria-label=\"Desfazer (\u2318Z)\" aria-disabled=\"true\"><\/div>\n<div id=\"mceu_29\" class=\"mce-widget mce-btn mce-disabled\" tabindex=\"-1\" role=\"button\" aria-label=\"Refazer (\u2318Y)\" aria-disabled=\"true\"><\/div>\n<div id=\"mceu_30\" class=\"mce-widget mce-btn mce-last\" tabindex=\"-1\" role=\"button\" aria-label=\"Atalhos do teclado (\u2303\u2325H)\"><\/div>\n","protected":false},"excerpt":{"rendered":"<p>Pulseira \u00a0Ajust\u00e1vel em \u00c2mbar B\u00e1ltico. Servindo infantil e Adulto, variando de 16 a 23 cent\u00edmetros. com abertura de at\u00e9 30 cent\u00edmetros, podendo servir at\u00e9 como tornozeleiras. As pulseiras possuem pedras em\u00a0\u00c2mbar B\u00e1ltico autentico 100% natural em fio de cetim confeccionados artesanalmente uma a uma. OBS. Os tons das pulseiras, tanto dos fios, quanto das pedras [&hellip;]<\/p>\n","protected":false},"featured_media":17876,"comment_status":"open","ping_status":"closed","template":"","meta":{"_et_pb_use_builder":"","_et_pb_old_content":"","_et_gb_content_width":""},"product_brand":[],"product_cat":[115,114,113],"product_tag":[74,121,123,128],"class_list":{"0":"post-17883","1":"product","2":"type-product","3":"status-publish","4":"has-post-thumbnail","6":"product_cat-acessorios-especiais","7":"product_cat-adulto","8":"product_cat-crianca","9":"product_tag-ambar-colardeambar-ambarbaltico-balticamber-ambardobaltico","10":"product_tag-ambar-baltico","11":"product_tag-ambar-do-baltico","12":"product_tag-pulseira-de-ambar","14":"first","15":"instock","16":"taxable","17":"shipping-taxable","18":"purchasable","19":"product-type-simple"},"yoast_head":"<!-- This site is optimized with the Yoast SEO plugin v27.4 - https:\/\/yoast.com\/product\/yoast-seo-wordpress\/ -->\n<title>Pulseira Ajust\u00e1vel em \u00c2mbar B\u00e1ltico em fio marrom. - \u00c2mbar B\u00e1ltico Agatha Lupo<\/title>\n<meta name=\"robots\" content=\"index, follow, max-snippet:-1, max-image-preview:large, max-video-preview:-1\" \/>\n<link rel=\"canonical\" href=\"https:\/\/agathalupo.com.br\/agatha-lojinha\/loja\/pulseira-ajustavel-em-ambar-baltico-em-fio-marrom\/\" \/>\n<meta property=\"og:locale\" content=\"pt_BR\" \/>\n<meta property=\"og:type\" content=\"article\" \/>\n<meta property=\"og:title\" content=\"Pulseira Ajust\u00e1vel em \u00c2mbar B\u00e1ltico em fio marrom. - \u00c2mbar B\u00e1ltico Agatha Lupo\" \/>\n<meta property=\"og:description\" content=\"Pulseira \u00a0Ajust\u00e1vel em \u00c2mbar B\u00e1ltico. Servindo infantil e Adulto, variando de 16 a 23 cent\u00edmetros. com abertura de at\u00e9 30 cent\u00edmetros, podendo servir at\u00e9 como tornozeleiras. As pulseiras possuem pedras em\u00a0\u00c2mbar B\u00e1ltico autentico 100% natural em fio de cetim confeccionados artesanalmente uma a uma. OBS. Os tons das pulseiras, tanto dos fios, quanto das pedras [&hellip;]\" \/>\n<meta property=\"og:url\" content=\"https:\/\/agathalupo.com.br\/agatha-lojinha\/loja\/pulseira-ajustavel-em-ambar-baltico-em-fio-marrom\/\" \/>\n<meta property=\"og:site_name\" content=\"\u00c2mbar B\u00e1ltico Agatha Lupo\" \/>\n<meta property=\"article:modified_time\" content=\"2021-02-13T00:10:29+00:00\" \/>\n<meta property=\"og:image\" content=\"https:\/\/agathalupo.com.br\/agatha-lojinha\/wp-content\/uploads\/2021\/02\/IMG_3201-scaled.jpeg\" \/>\n\t<meta property=\"og:image:width\" content=\"1920\" \/>\n\t<meta property=\"og:image:height\" content=\"2560\" \/>\n\t<meta property=\"og:image:type\" content=\"image\/jpeg\" \/>\n<meta name=\"twitter:card\" content=\"summary_large_image\" \/>\n<script type=\"application\/ld+json\" class=\"yoast-schema-graph\">{\"@context\":\"https:\\\/\\\/schema.org\",\"@graph\":[{\"@type\":\"WebPage\",\"@id\":\"https:\\\/\\\/agathalupo.com.br\\\/agatha-lojinha\\\/loja\\\/pulseira-ajustavel-em-ambar-baltico-em-fio-marrom\\\/\",\"url\":\"https:\\\/\\\/agathalupo.com.br\\\/agatha-lojinha\\\/loja\\\/pulseira-ajustavel-em-ambar-baltico-em-fio-marrom\\\/\",\"name\":\"Pulseira Ajust\u00e1vel em \u00c2mbar B\u00e1ltico em fio marrom. - \u00c2mbar B\u00e1ltico Agatha Lupo\",\"isPartOf\":{\"@id\":\"https:\\\/\\\/agathalupo.com.br\\\/agatha-lojinha\\\/#website\"},\"primaryImageOfPage\":{\"@id\":\"https:\\\/\\\/agathalupo.com.br\\\/agatha-lojinha\\\/loja\\\/pulseira-ajustavel-em-ambar-baltico-em-fio-marrom\\\/#primaryimage\"},\"image\":{\"@id\":\"https:\\\/\\\/agathalupo.com.br\\\/agatha-lojinha\\\/loja\\\/pulseira-ajustavel-em-ambar-baltico-em-fio-marrom\\\/#primaryimage\"},\"thumbnailUrl\":\"https:\\\/\\\/agathalupo.com.br\\\/agatha-lojinha\\\/wp-content\\\/uploads\\\/2021\\\/02\\\/IMG_3201-scaled.jpeg\",\"datePublished\":\"2021-02-11T23:47:42+00:00\",\"dateModified\":\"2021-02-13T00:10:29+00:00\",\"breadcrumb\":{\"@id\":\"https:\\\/\\\/agathalupo.com.br\\\/agatha-lojinha\\\/loja\\\/pulseira-ajustavel-em-ambar-baltico-em-fio-marrom\\\/#breadcrumb\"},\"inLanguage\":\"pt-BR\",\"potentialAction\":[{\"@type\":\"ReadAction\",\"target\":[\"https:\\\/\\\/agathalupo.com.br\\\/agatha-lojinha\\\/loja\\\/pulseira-ajustavel-em-ambar-baltico-em-fio-marrom\\\/\"]}]},{\"@type\":\"ImageObject\",\"inLanguage\":\"pt-BR\",\"@id\":\"https:\\\/\\\/agathalupo.com.br\\\/agatha-lojinha\\\/loja\\\/pulseira-ajustavel-em-ambar-baltico-em-fio-marrom\\\/#primaryimage\",\"url\":\"https:\\\/\\\/agathalupo.com.br\\\/agatha-lojinha\\\/wp-content\\\/uploads\\\/2021\\\/02\\\/IMG_3201-scaled.jpeg\",\"contentUrl\":\"https:\\\/\\\/agathalupo.com.br\\\/agatha-lojinha\\\/wp-content\\\/uploads\\\/2021\\\/02\\\/IMG_3201-scaled.jpeg\",\"width\":1920,\"height\":2560},{\"@type\":\"BreadcrumbList\",\"@id\":\"https:\\\/\\\/agathalupo.com.br\\\/agatha-lojinha\\\/loja\\\/pulseira-ajustavel-em-ambar-baltico-em-fio-marrom\\\/#breadcrumb\",\"itemListElement\":[{\"@type\":\"ListItem\",\"position\":1,\"name\":\"In\u00edcio\",\"item\":\"https:\\\/\\\/agathalupo.com.br\\\/agatha-lojinha\\\/\"},{\"@type\":\"ListItem\",\"position\":2,\"name\":\"Loja\",\"item\":\"https:\\\/\\\/agathalupo.com.br\\\/agatha-lojinha\\\/loja\\\/\"},{\"@type\":\"ListItem\",\"position\":3,\"name\":\"Pulseira Ajust\u00e1vel em \u00c2mbar B\u00e1ltico em fio marrom.\"}]},{\"@type\":\"WebSite\",\"@id\":\"https:\\\/\\\/agathalupo.com.br\\\/agatha-lojinha\\\/#website\",\"url\":\"https:\\\/\\\/agathalupo.com.br\\\/agatha-lojinha\\\/\",\"name\":\"\u00c2mbar B\u00e1ltico Agatha Lupo\",\"description\":\"\u00c2mbar B\u00e1ltico\",\"potentialAction\":[{\"@type\":\"SearchAction\",\"target\":{\"@type\":\"EntryPoint\",\"urlTemplate\":\"https:\\\/\\\/agathalupo.com.br\\\/agatha-lojinha\\\/?s={search_term_string}\"},\"query-input\":{\"@type\":\"PropertyValueSpecification\",\"valueRequired\":true,\"valueName\":\"search_term_string\"}}],\"inLanguage\":\"pt-BR\"}]}<\/script>\n<!-- \/ Yoast SEO plugin. -->","yoast_head_json":{"title":"Pulseira Ajust\u00e1vel em \u00c2mbar B\u00e1ltico em fio marrom. - \u00c2mbar B\u00e1ltico Agatha Lupo","robots":{"index":"index","follow":"follow","max-snippet":"max-snippet:-1","max-image-preview":"max-image-preview:large","max-video-preview":"max-video-preview:-1"},"canonical":"https:\/\/agathalupo.com.br\/agatha-lojinha\/loja\/pulseira-ajustavel-em-ambar-baltico-em-fio-marrom\/","og_locale":"pt_BR","og_type":"article","og_title":"Pulseira Ajust\u00e1vel em \u00c2mbar B\u00e1ltico em fio marrom. - \u00c2mbar B\u00e1ltico Agatha Lupo","og_description":"Pulseira \u00a0Ajust\u00e1vel em \u00c2mbar B\u00e1ltico. Servindo infantil e Adulto, variando de 16 a 23 cent\u00edmetros. com abertura de at\u00e9 30 cent\u00edmetros, podendo servir at\u00e9 como tornozeleiras. As pulseiras possuem pedras em\u00a0\u00c2mbar B\u00e1ltico autentico 100% natural em fio de cetim confeccionados artesanalmente uma a uma. OBS. Os tons das pulseiras, tanto dos fios, quanto das pedras [&hellip;]","og_url":"https:\/\/agathalupo.com.br\/agatha-lojinha\/loja\/pulseira-ajustavel-em-ambar-baltico-em-fio-marrom\/","og_site_name":"\u00c2mbar B\u00e1ltico Agatha Lupo","article_modified_time":"2021-02-13T00:10:29+00:00","og_image":[{"width":1920,"height":2560,"url":"https:\/\/agathalupo.com.br\/agatha-lojinha\/wp-content\/uploads\/2021\/02\/IMG_3201-scaled.jpeg","type":"image\/jpeg"}],"twitter_card":"summary_large_image","schema":{"@context":"https:\/\/schema.org","@graph":[{"@type":"WebPage","@id":"https:\/\/agathalupo.com.br\/agatha-lojinha\/loja\/pulseira-ajustavel-em-ambar-baltico-em-fio-marrom\/","url":"https:\/\/agathalupo.com.br\/agatha-lojinha\/loja\/pulseira-ajustavel-em-ambar-baltico-em-fio-marrom\/","name":"Pulseira Ajust\u00e1vel em \u00c2mbar B\u00e1ltico em fio marrom. - \u00c2mbar B\u00e1ltico Agatha Lupo","isPartOf":{"@id":"https:\/\/agathalupo.com.br\/agatha-lojinha\/#website"},"primaryImageOfPage":{"@id":"https:\/\/agathalupo.com.br\/agatha-lojinha\/loja\/pulseira-ajustavel-em-ambar-baltico-em-fio-marrom\/#primaryimage"},"image":{"@id":"https:\/\/agathalupo.com.br\/agatha-lojinha\/loja\/pulseira-ajustavel-em-ambar-baltico-em-fio-marrom\/#primaryimage"},"thumbnailUrl":"https:\/\/agathalupo.com.br\/agatha-lojinha\/wp-content\/uploads\/2021\/02\/IMG_3201-scaled.jpeg","datePublished":"2021-02-11T23:47:42+00:00","dateModified":"2021-02-13T00:10:29+00:00","breadcrumb":{"@id":"https:\/\/agathalupo.com.br\/agatha-lojinha\/loja\/pulseira-ajustavel-em-ambar-baltico-em-fio-marrom\/#breadcrumb"},"inLanguage":"pt-BR","potentialAction":[{"@type":"ReadAction","target":["https:\/\/agathalupo.com.br\/agatha-lojinha\/loja\/pulseira-ajustavel-em-ambar-baltico-em-fio-marrom\/"]}]},{"@type":"ImageObject","inLanguage":"pt-BR","@id":"https:\/\/agathalupo.com.br\/agatha-lojinha\/loja\/pulseira-ajustavel-em-ambar-baltico-em-fio-marrom\/#primaryimage","url":"https:\/\/agathalupo.com.br\/agatha-lojinha\/wp-content\/uploads\/2021\/02\/IMG_3201-scaled.jpeg","contentUrl":"https:\/\/agathalupo.com.br\/agatha-lojinha\/wp-content\/uploads\/2021\/02\/IMG_3201-scaled.jpeg","width":1920,"height":2560},{"@type":"BreadcrumbList","@id":"https:\/\/agathalupo.com.br\/agatha-lojinha\/loja\/pulseira-ajustavel-em-ambar-baltico-em-fio-marrom\/#breadcrumb","itemListElement":[{"@type":"ListItem","position":1,"name":"In\u00edcio","item":"https:\/\/agathalupo.com.br\/agatha-lojinha\/"},{"@type":"ListItem","position":2,"name":"Loja","item":"https:\/\/agathalupo.com.br\/agatha-lojinha\/loja\/"},{"@type":"ListItem","position":3,"name":"Pulseira Ajust\u00e1vel em \u00c2mbar B\u00e1ltico em fio marrom."}]},{"@type":"WebSite","@id":"https:\/\/agathalupo.com.br\/agatha-lojinha\/#website","url":"https:\/\/agathalupo.com.br\/agatha-lojinha\/","name":"\u00c2mbar B\u00e1ltico Agatha Lupo","description":"\u00c2mbar B\u00e1ltico","potentialAction":[{"@type":"SearchAction","target":{"@type":"EntryPoint","urlTemplate":"https:\/\/agathalupo.com.br\/agatha-lojinha\/?s={search_term_string}"},"query-input":{"@type":"PropertyValueSpecification","valueRequired":true,"valueName":"search_term_string"}}],"inLanguage":"pt-BR"}]}},"_links":{"self":[{"href":"https:\/\/agathalupo.com.br\/agatha-lojinha\/wp-json\/wp\/v2\/product\/17883","targetHints":{"allow":["GET"]}}],"collection":[{"href":"https:\/\/agathalupo.com.br\/agatha-lojinha\/wp-json\/wp\/v2\/product"}],"about":[{"href":"https:\/\/agathalupo.com.br\/agatha-lojinha\/wp-json\/wp\/v2\/types\/product"}],"replies":[{"embeddable":true,"href":"https:\/\/agathalupo.com.br\/agatha-lojinha\/wp-json\/wp\/v2\/comments?post=17883"}],"wp:featuredmedia":[{"embeddable":true,"href":"https:\/\/agathalupo.com.br\/agatha-lojinha\/wp-json\/wp\/v2\/media\/17876"}],"wp:attachment":[{"href":"https:\/\/agathalupo.com.br\/agatha-lojinha\/wp-json\/wp\/v2\/media?parent=17883"}],"wp:term":[{"taxonomy":"product_brand","embeddable":true,"href":"https:\/\/agathalupo.com.br\/agatha-lojinha\/wp-json\/wp\/v2\/product_brand?post=17883"},{"taxonomy":"product_cat","embeddable":true,"href":"https:\/\/agathalupo.com.br\/agatha-lojinha\/wp-json\/wp\/v2\/product_cat?post=17883"},{"taxonomy":"product_tag","embeddable":true,"href":"https:\/\/agathalupo.com.br\/agatha-lojinha\/wp-json\/wp\/v2\/product_tag?post=17883"}],"curies":[{"name":"wp","href":"https:\/\/api.w.org\/{rel}","templated":true}]}}