{"id":17887,"date":"2021-02-12T00:29:12","date_gmt":"2021-02-12T00:29:12","guid":{"rendered":"http:\/\/agathalupo.com.br\/agatha-lojinha\/?post_type=product&#038;p=17887"},"modified":"2021-02-12T00:29:12","modified_gmt":"2021-02-12T00:29:12","slug":"pulseira-ambar-baltico-cherry-bruto-e-olho-grego","status":"publish","type":"product","link":"https:\/\/agathalupo.com.br\/agatha-lojinha\/loja\/pulseira-ambar-baltico-cherry-bruto-e-olho-grego\/","title":{"rendered":"Pulseira \u00c2mbar B\u00e1ltico Cherry Bruto e Olho Grego"},"content":{"rendered":"<p>Pulseira \u00c2mbar B\u00e1ltico Cherry Bruto e Olho Grego 18 cent\u00edmetros.<\/p>\n<div id=\"mceu_21\" class=\"mce-widget mce-btn\" tabindex=\"-1\" role=\"button\" aria-label=\"Linha horizontal\">\n<p>As pulseiras possuem pedras em\u00a0\u00c2mbar B\u00e1ltico autentico 100% natural confeccionados artesanalmente uma a uma.<\/p>\n<p>OBS. Os tons das pulseiras, tanto dos fios olhos gregos e pedras em \u00e2mbar Baltico podem sofrer varia\u00e7\u00f5es.<\/p>\n<\/div>\n<div id=\"mceu_22\" class=\"mce-widget mce-btn mce-splitbtn mce-colorbutton\" tabindex=\"-1\" role=\"button\" aria-haspopup=\"true\" aria-label=\"Cor do texto\"><\/div>\n<div id=\"mceu_23\" class=\"mce-widget mce-btn\" tabindex=\"-1\" role=\"button\" aria-pressed=\"false\" aria-label=\"Colar como texto\"><\/div>\n<div id=\"mceu_24\" class=\"mce-widget mce-btn\" tabindex=\"-1\" role=\"button\" aria-label=\"Limpar formata\u00e7\u00e3o\"><\/div>\n","protected":false},"excerpt":{"rendered":"<p>Pulseira \u00c2mbar B\u00e1ltico Cherry Bruto e Olho Grego 18 cent\u00edmetros. As pulseiras possuem pedras em\u00a0\u00c2mbar B\u00e1ltico autentico 100% natural confeccionados artesanalmente uma a uma. OBS. Os tons das pulseiras, tanto dos fios olhos gregos e pedras em \u00e2mbar Baltico podem sofrer varia\u00e7\u00f5es.<\/p>\n","protected":false},"featured_media":17912,"comment_status":"open","ping_status":"closed","template":"","meta":{"_et_pb_use_builder":"","_et_pb_old_content":"","_et_gb_content_width":""},"product_brand":[],"product_cat":[115,114,113],"product_tag":[74,123],"class_list":{"0":"post-17887","1":"product","2":"type-product","3":"status-publish","4":"has-post-thumbnail","6":"product_cat-acessorios-especiais","7":"product_cat-adulto","8":"product_cat-crianca","9":"product_tag-ambar-colardeambar-ambarbaltico-balticamber-ambardobaltico","10":"product_tag-ambar-do-baltico","12":"first","13":"instock","14":"taxable","15":"shipping-taxable","16":"purchasable","17":"product-type-simple"},"yoast_head":"<!-- This site is optimized with the Yoast SEO plugin v27.4 - https:\/\/yoast.com\/product\/yoast-seo-wordpress\/ -->\n<title>Pulseira \u00c2mbar B\u00e1ltico Cherry Bruto e Olho Grego - \u00c2mbar B\u00e1ltico Agatha Lupo<\/title>\n<meta name=\"robots\" content=\"index, follow, max-snippet:-1, max-image-preview:large, max-video-preview:-1\" \/>\n<link rel=\"canonical\" href=\"https:\/\/agathalupo.com.br\/agatha-lojinha\/loja\/pulseira-ambar-baltico-cherry-bruto-e-olho-grego\/\" \/>\n<meta property=\"og:locale\" content=\"pt_BR\" \/>\n<meta property=\"og:type\" content=\"article\" \/>\n<meta property=\"og:title\" content=\"Pulseira \u00c2mbar B\u00e1ltico Cherry Bruto e Olho Grego - \u00c2mbar B\u00e1ltico Agatha Lupo\" \/>\n<meta property=\"og:description\" content=\"Pulseira \u00c2mbar B\u00e1ltico Cherry Bruto e Olho Grego 18 cent\u00edmetros. As pulseiras possuem pedras em\u00a0\u00c2mbar B\u00e1ltico autentico 100% natural confeccionados artesanalmente uma a uma. OBS. Os tons das pulseiras, tanto dos fios olhos gregos e pedras em \u00e2mbar Baltico podem sofrer varia\u00e7\u00f5es.\" \/>\n<meta property=\"og:url\" content=\"https:\/\/agathalupo.com.br\/agatha-lojinha\/loja\/pulseira-ambar-baltico-cherry-bruto-e-olho-grego\/\" \/>\n<meta property=\"og:site_name\" content=\"\u00c2mbar B\u00e1ltico Agatha Lupo\" \/>\n<meta property=\"og:image\" content=\"https:\/\/agathalupo.com.br\/agatha-lojinha\/wp-content\/uploads\/2021\/02\/IMG_3179.jpeg\" \/>\n\t<meta property=\"og:image:width\" content=\"1913\" \/>\n\t<meta property=\"og:image:height\" content=\"1930\" \/>\n\t<meta property=\"og:image:type\" content=\"image\/jpeg\" \/>\n<meta name=\"twitter:card\" content=\"summary_large_image\" \/>\n<script type=\"application\/ld+json\" class=\"yoast-schema-graph\">{\"@context\":\"https:\\\/\\\/schema.org\",\"@graph\":[{\"@type\":\"WebPage\",\"@id\":\"https:\\\/\\\/agathalupo.com.br\\\/agatha-lojinha\\\/loja\\\/pulseira-ambar-baltico-cherry-bruto-e-olho-grego\\\/\",\"url\":\"https:\\\/\\\/agathalupo.com.br\\\/agatha-lojinha\\\/loja\\\/pulseira-ambar-baltico-cherry-bruto-e-olho-grego\\\/\",\"name\":\"Pulseira \u00c2mbar B\u00e1ltico Cherry Bruto e Olho Grego - \u00c2mbar B\u00e1ltico Agatha Lupo\",\"isPartOf\":{\"@id\":\"https:\\\/\\\/agathalupo.com.br\\\/agatha-lojinha\\\/#website\"},\"primaryImageOfPage\":{\"@id\":\"https:\\\/\\\/agathalupo.com.br\\\/agatha-lojinha\\\/loja\\\/pulseira-ambar-baltico-cherry-bruto-e-olho-grego\\\/#primaryimage\"},\"image\":{\"@id\":\"https:\\\/\\\/agathalupo.com.br\\\/agatha-lojinha\\\/loja\\\/pulseira-ambar-baltico-cherry-bruto-e-olho-grego\\\/#primaryimage\"},\"thumbnailUrl\":\"https:\\\/\\\/agathalupo.com.br\\\/agatha-lojinha\\\/wp-content\\\/uploads\\\/2021\\\/02\\\/IMG_3179.jpeg\",\"datePublished\":\"2021-02-12T00:29:12+00:00\",\"breadcrumb\":{\"@id\":\"https:\\\/\\\/agathalupo.com.br\\\/agatha-lojinha\\\/loja\\\/pulseira-ambar-baltico-cherry-bruto-e-olho-grego\\\/#breadcrumb\"},\"inLanguage\":\"pt-BR\",\"potentialAction\":[{\"@type\":\"ReadAction\",\"target\":[\"https:\\\/\\\/agathalupo.com.br\\\/agatha-lojinha\\\/loja\\\/pulseira-ambar-baltico-cherry-bruto-e-olho-grego\\\/\"]}]},{\"@type\":\"ImageObject\",\"inLanguage\":\"pt-BR\",\"@id\":\"https:\\\/\\\/agathalupo.com.br\\\/agatha-lojinha\\\/loja\\\/pulseira-ambar-baltico-cherry-bruto-e-olho-grego\\\/#primaryimage\",\"url\":\"https:\\\/\\\/agathalupo.com.br\\\/agatha-lojinha\\\/wp-content\\\/uploads\\\/2021\\\/02\\\/IMG_3179.jpeg\",\"contentUrl\":\"https:\\\/\\\/agathalupo.com.br\\\/agatha-lojinha\\\/wp-content\\\/uploads\\\/2021\\\/02\\\/IMG_3179.jpeg\",\"width\":1913,\"height\":1930},{\"@type\":\"BreadcrumbList\",\"@id\":\"https:\\\/\\\/agathalupo.com.br\\\/agatha-lojinha\\\/loja\\\/pulseira-ambar-baltico-cherry-bruto-e-olho-grego\\\/#breadcrumb\",\"itemListElement\":[{\"@type\":\"ListItem\",\"position\":1,\"name\":\"In\u00edcio\",\"item\":\"https:\\\/\\\/agathalupo.com.br\\\/agatha-lojinha\\\/\"},{\"@type\":\"ListItem\",\"position\":2,\"name\":\"Loja\",\"item\":\"https:\\\/\\\/agathalupo.com.br\\\/agatha-lojinha\\\/loja\\\/\"},{\"@type\":\"ListItem\",\"position\":3,\"name\":\"Pulseira \u00c2mbar B\u00e1ltico Cherry Bruto e Olho Grego\"}]},{\"@type\":\"WebSite\",\"@id\":\"https:\\\/\\\/agathalupo.com.br\\\/agatha-lojinha\\\/#website\",\"url\":\"https:\\\/\\\/agathalupo.com.br\\\/agatha-lojinha\\\/\",\"name\":\"\u00c2mbar B\u00e1ltico Agatha Lupo\",\"description\":\"\u00c2mbar B\u00e1ltico\",\"potentialAction\":[{\"@type\":\"SearchAction\",\"target\":{\"@type\":\"EntryPoint\",\"urlTemplate\":\"https:\\\/\\\/agathalupo.com.br\\\/agatha-lojinha\\\/?s={search_term_string}\"},\"query-input\":{\"@type\":\"PropertyValueSpecification\",\"valueRequired\":true,\"valueName\":\"search_term_string\"}}],\"inLanguage\":\"pt-BR\"}]}<\/script>\n<!-- \/ Yoast SEO plugin. -->","yoast_head_json":{"title":"Pulseira \u00c2mbar B\u00e1ltico Cherry Bruto e Olho Grego - \u00c2mbar B\u00e1ltico Agatha Lupo","robots":{"index":"index","follow":"follow","max-snippet":"max-snippet:-1","max-image-preview":"max-image-preview:large","max-video-preview":"max-video-preview:-1"},"canonical":"https:\/\/agathalupo.com.br\/agatha-lojinha\/loja\/pulseira-ambar-baltico-cherry-bruto-e-olho-grego\/","og_locale":"pt_BR","og_type":"article","og_title":"Pulseira \u00c2mbar B\u00e1ltico Cherry Bruto e Olho Grego - \u00c2mbar B\u00e1ltico Agatha Lupo","og_description":"Pulseira \u00c2mbar B\u00e1ltico Cherry Bruto e Olho Grego 18 cent\u00edmetros. As pulseiras possuem pedras em\u00a0\u00c2mbar B\u00e1ltico autentico 100% natural confeccionados artesanalmente uma a uma. OBS. Os tons das pulseiras, tanto dos fios olhos gregos e pedras em \u00e2mbar Baltico podem sofrer varia\u00e7\u00f5es.","og_url":"https:\/\/agathalupo.com.br\/agatha-lojinha\/loja\/pulseira-ambar-baltico-cherry-bruto-e-olho-grego\/","og_site_name":"\u00c2mbar B\u00e1ltico Agatha Lupo","og_image":[{"width":1913,"height":1930,"url":"https:\/\/agathalupo.com.br\/agatha-lojinha\/wp-content\/uploads\/2021\/02\/IMG_3179.jpeg","type":"image\/jpeg"}],"twitter_card":"summary_large_image","schema":{"@context":"https:\/\/schema.org","@graph":[{"@type":"WebPage","@id":"https:\/\/agathalupo.com.br\/agatha-lojinha\/loja\/pulseira-ambar-baltico-cherry-bruto-e-olho-grego\/","url":"https:\/\/agathalupo.com.br\/agatha-lojinha\/loja\/pulseira-ambar-baltico-cherry-bruto-e-olho-grego\/","name":"Pulseira \u00c2mbar B\u00e1ltico Cherry Bruto e Olho Grego - \u00c2mbar B\u00e1ltico Agatha Lupo","isPartOf":{"@id":"https:\/\/agathalupo.com.br\/agatha-lojinha\/#website"},"primaryImageOfPage":{"@id":"https:\/\/agathalupo.com.br\/agatha-lojinha\/loja\/pulseira-ambar-baltico-cherry-bruto-e-olho-grego\/#primaryimage"},"image":{"@id":"https:\/\/agathalupo.com.br\/agatha-lojinha\/loja\/pulseira-ambar-baltico-cherry-bruto-e-olho-grego\/#primaryimage"},"thumbnailUrl":"https:\/\/agathalupo.com.br\/agatha-lojinha\/wp-content\/uploads\/2021\/02\/IMG_3179.jpeg","datePublished":"2021-02-12T00:29:12+00:00","breadcrumb":{"@id":"https:\/\/agathalupo.com.br\/agatha-lojinha\/loja\/pulseira-ambar-baltico-cherry-bruto-e-olho-grego\/#breadcrumb"},"inLanguage":"pt-BR","potentialAction":[{"@type":"ReadAction","target":["https:\/\/agathalupo.com.br\/agatha-lojinha\/loja\/pulseira-ambar-baltico-cherry-bruto-e-olho-grego\/"]}]},{"@type":"ImageObject","inLanguage":"pt-BR","@id":"https:\/\/agathalupo.com.br\/agatha-lojinha\/loja\/pulseira-ambar-baltico-cherry-bruto-e-olho-grego\/#primaryimage","url":"https:\/\/agathalupo.com.br\/agatha-lojinha\/wp-content\/uploads\/2021\/02\/IMG_3179.jpeg","contentUrl":"https:\/\/agathalupo.com.br\/agatha-lojinha\/wp-content\/uploads\/2021\/02\/IMG_3179.jpeg","width":1913,"height":1930},{"@type":"BreadcrumbList","@id":"https:\/\/agathalupo.com.br\/agatha-lojinha\/loja\/pulseira-ambar-baltico-cherry-bruto-e-olho-grego\/#breadcrumb","itemListElement":[{"@type":"ListItem","position":1,"name":"In\u00edcio","item":"https:\/\/agathalupo.com.br\/agatha-lojinha\/"},{"@type":"ListItem","position":2,"name":"Loja","item":"https:\/\/agathalupo.com.br\/agatha-lojinha\/loja\/"},{"@type":"ListItem","position":3,"name":"Pulseira \u00c2mbar B\u00e1ltico Cherry Bruto e Olho Grego"}]},{"@type":"WebSite","@id":"https:\/\/agathalupo.com.br\/agatha-lojinha\/#website","url":"https:\/\/agathalupo.com.br\/agatha-lojinha\/","name":"\u00c2mbar B\u00e1ltico Agatha Lupo","description":"\u00c2mbar B\u00e1ltico","potentialAction":[{"@type":"SearchAction","target":{"@type":"EntryPoint","urlTemplate":"https:\/\/agathalupo.com.br\/agatha-lojinha\/?s={search_term_string}"},"query-input":{"@type":"PropertyValueSpecification","valueRequired":true,"valueName":"search_term_string"}}],"inLanguage":"pt-BR"}]}},"_links":{"self":[{"href":"https:\/\/agathalupo.com.br\/agatha-lojinha\/wp-json\/wp\/v2\/product\/17887","targetHints":{"allow":["GET"]}}],"collection":[{"href":"https:\/\/agathalupo.com.br\/agatha-lojinha\/wp-json\/wp\/v2\/product"}],"about":[{"href":"https:\/\/agathalupo.com.br\/agatha-lojinha\/wp-json\/wp\/v2\/types\/product"}],"replies":[{"embeddable":true,"href":"https:\/\/agathalupo.com.br\/agatha-lojinha\/wp-json\/wp\/v2\/comments?post=17887"}],"wp:featuredmedia":[{"embeddable":true,"href":"https:\/\/agathalupo.com.br\/agatha-lojinha\/wp-json\/wp\/v2\/media\/17912"}],"wp:attachment":[{"href":"https:\/\/agathalupo.com.br\/agatha-lojinha\/wp-json\/wp\/v2\/media?parent=17887"}],"wp:term":[{"taxonomy":"product_brand","embeddable":true,"href":"https:\/\/agathalupo.com.br\/agatha-lojinha\/wp-json\/wp\/v2\/product_brand?post=17887"},{"taxonomy":"product_cat","embeddable":true,"href":"https:\/\/agathalupo.com.br\/agatha-lojinha\/wp-json\/wp\/v2\/product_cat?post=17887"},{"taxonomy":"product_tag","embeddable":true,"href":"https:\/\/agathalupo.com.br\/agatha-lojinha\/wp-json\/wp\/v2\/product_tag?post=17887"}],"curies":[{"name":"wp","href":"https:\/\/api.w.org\/{rel}","templated":true}]}}