{"id":6209,"date":"2019-05-29T23:02:45","date_gmt":"2019-05-29T23:02:45","guid":{"rendered":"http:\/\/agathalupo.com.br\/agatha-lojinha\/?post_type=product&#038;p=6209"},"modified":"2019-12-05T20:29:03","modified_gmt":"2019-12-05T20:29:03","slug":"coleira-de-ambar-baltico-para-pets-35cm","status":"publish","type":"product","link":"https:\/\/agathalupo.com.br\/agatha-lojinha\/loja\/coleira-de-ambar-baltico-para-pets-35cm\/","title":{"rendered":"Coleira de \u00c2mbar B\u00e1ltico para Pets 35cm."},"content":{"rendered":"<p>Coleira de \u00c2mbar B\u00e1ltico para Pets 35cm.<br \/>\nCom fecho extensivo em 4 cm. <\/p>\n<p>  Cada vez mais nos atentamos aos cuidados com a sa\u00fade e bem-estar pessoal buscando alternativas mais naturais e menos agressivas para nos mesmos e tamb\u00e9m ao meio ambiente, mas tamb\u00e9m nos preocupamos com a sa\u00fade e o bem estar de nossos animais de estima\u00e7\u00e3o, por isso, muitos tem vindo a optar pelo uso de coleiras de \u00e2mbar do b\u00e1ltico, n\u00e3o s\u00f3 como um adere\u00e7o de beleza, mas sobretudo, como forma de repelir as pulgas e carra\u00e7as, e neutralizar as energias em substitui\u00e7\u00e3o aos tradicionais produtos qu\u00edmicos.<\/p>\n<p>O \u00e2mbar do b\u00e1ltico \u00e9 uma resina natural de \u00e1rvore, formada \u00e0 cerca de 30 a 50 milh\u00f5es de anos, tendo como caracter\u00edstica \u00fanica ser electroest\u00e1tica. Caracter\u00edstica esta que j\u00e1 era conhecida desde os tempos da Gr\u00e9cia antiga, existindo v\u00e1rios documentos onde os antigos gregos se referiam ao \u00e2mbar como \u201cElectron\u201d.    Esta caracter\u00edstica, do \u00e2mbar do b\u00e1ltico, \u00e9 extremamente \u00fatil no combate a carra\u00e7as e pulgas, pois quando um animal dom\u00e9stico usa uma coleira feita de \u00e2mbar do b\u00e1ltico, a fric\u00e7\u00e3o da coleira com o p\u00ealo do animal gera electricidade est\u00e1tica, suficiente para que seja quase imposs\u00edvel \u00e0s pulgas e carra\u00e7as manterem-se agarradas ao p\u00ealo, mas n\u00e3o causa qualquer inc\u00f3modo ao animal.   Paralelamente, o \u00e2mbar tem na sua composi\u00e7\u00e3o terpen\u00f3ides ou terpenos resinosos (subst\u00e2ncia natural contida no \u00e2mbar do b\u00e1ltico) que, quando esfregada liberta, um amora impercept\u00edvel para os humanos, mas que funciona como um repelente natural para as pulgas e carra\u00e7as.   Estas duas caracter\u00edsticas do \u00e2mbar do b\u00e1ltico, em conjunto, s\u00e3o uma forma eficaz e natural de combate \u00e0s pulgas e carra\u00e7as, que n\u00e3o representam qualquer inconveniente para o ser humano e nem ao pr\u00f3prio animal.   Al\u00e9m disso, porque o \u00e2mbar \u00e9 um produto natural, n\u00e3o apresenta qualquer contra-indica\u00e7\u00e3o no caso de cachorrinhos ou gatos bebes nem a f\u00eameas prenhas, contrariamente ao que sucede com a generalidade das demais op\u00e7\u00f5es de mercado (coleiras insecticidas, pipetas, sprays, etc..), que, por regra, n\u00e3o se aconselha a sua aplica\u00e7\u00e3o nestas situa\u00e7\u00f5es.  Ali\u00e1s o \u00e2mbar \u00e9 de tal forma in\u00f3cuo, que mesmo se for ingerido n\u00e3o representa qualquer amea\u00e7a \u00e0 sa\u00fade dos animais, o que n\u00e3o acontece no caso das tradicionais coleiras insecticidas.   Relativamente \u00e0s crian\u00e7as, o uso de coleiras de \u00e2mbar do b\u00e1ltico n\u00e3o representa qualquer limita\u00e7\u00e3o nem imp\u00f5e quaisquer restri\u00e7\u00f5es, contrariamente ao que sucede com as solu\u00e7\u00f5es tradicionais que, desde logo, adverte-se nas instru\u00e7\u00f5es, que o produto deve sempre manter-se \u201cfora do alcance das crian\u00e7as\u201d, recomendando-se que, mesmo ap\u00f3s aplicado, se deve evitar o contacto com a zona onde o produto foi colocado ou \u00e9 usado, recomendando, ainda, quer a crian\u00e7as quer a adultos que lavem cuidadosamente as m\u00e3os a seguir a fazer festas no animal (em especial na zona onde o produto \u00e9 colocado ou usado).    Contrariamente aos produtos tradicionais, que muitas vezes provocam alergias ou problemas de pele (e pelo) dos animais por causa dos produtos qu\u00edmicos que cont\u00e9m, o \u00e2mbar, por ser um produto natural, n\u00e3o tem qualquer efeito secund\u00e1rio.   Quanto \u00e0 durabilidade da efic\u00e1cia, a coleira de \u00e2mbar mant\u00e9m a sua efic\u00e1cia por per\u00edodos muito duradouro uma vez que o aut\u00eantico \u00e2mbar B\u00e1ltico n\u00e3o possui validade, contrariamente aos tradicionais 1 a 6 meses de protec\u00e7\u00e3o conferida pelas coleiras insecticidas, pipetas e sprays.   Por \u00faltimo, para al\u00e9m de todas as vantagens como m\u00e9todo de combate \u00e0s pulgas e carra\u00e7as, as coleiras de \u00e2mbar s\u00e3o, ainda, um adere\u00e7o elegante para os animais de estima\u00e7\u00e3o.   <\/p>\n<p>Repele eficazmente as pulgas e carra\u00e7as;<br \/>\n\u00c9 inodoro;<br \/>\n\u00c9 um produto natural, n\u00e3o contendo qualquer produto qu\u00edmico ou insecticida, sendo por isso perfeitamente seguro para crian\u00e7as e adultos, bem como s\u00e3o totalmente in\u00f3cuas para o meio ambiente;<br \/>\nN\u00e3o causa qualquer alergia, irrita\u00e7\u00e3o ou problemas de pele (ou pelo) quer no animal, quer nos humanos;<br \/>\nPode ser aplicado (usado) sem qualquer restri\u00e7\u00e3o, em cachorros e gatinhos, e em f\u00eameas prenhas ou que estejam amamentando, n\u00e3o representando nenhum problema, mesmo se for ingerido (devendo contudo ser contactado de imediato o veterin\u00e1rio ou m\u00e9dico, em      caso de ingest\u00e3o, n\u00e3o pela composi\u00e7\u00e3o do \u00e2mbar, mas por se tratar de um objecto s\u00f3lido);<br \/>\nTem uma dura\u00e7\u00e3o muito mais prolongada, mantendo a sua efic\u00e1cia, no m\u00ednimo, at\u00e9 12 meses<br \/>\nA n\u00edvel de pre\u00e7o \u00e9 uma solu\u00e7\u00e3o que, comparativamente, \u00e9 muito mais econ\u00f3mica se considerada a dura\u00e7\u00e3o de efic\u00e1cia;<br \/>\nComparativamente com as coleiras insecticidas \u00e9, ainda, uma alternativa muito mais elegante.<\/p>\n","protected":false},"excerpt":{"rendered":"<p>Coleira de \u00c2mbar B\u00e1ltico para Pets 35cm. Com fecho extensivo em 4 cm. Cada vez mais nos atentamos aos cuidados com a sa\u00fade e bem-estar pessoal buscando alternativas mais naturais e menos agressivas para nos mesmos e tamb\u00e9m ao meio ambiente, mas tamb\u00e9m nos preocupamos com a sa\u00fade e o bem estar de nossos animais [&hellip;]<\/p>\n","protected":false},"featured_media":6205,"comment_status":"open","ping_status":"closed","template":"","meta":{"_et_pb_use_builder":"","_et_pb_old_content":"","_et_gb_content_width":""},"product_brand":[],"product_cat":[115,124],"product_tag":[],"class_list":{"0":"post-6209","1":"product","2":"type-product","3":"status-publish","4":"has-post-thumbnail","6":"product_cat-acessorios-especiais","7":"product_cat-pets","9":"first","10":"instock","11":"taxable","12":"shipping-taxable","13":"purchasable","14":"product-type-simple"},"yoast_head":"<!-- This site is optimized with the Yoast SEO plugin v27.4 - https:\/\/yoast.com\/product\/yoast-seo-wordpress\/ -->\n<title>Coleira de \u00c2mbar B\u00e1ltico para Pets 35cm. - \u00c2mbar B\u00e1ltico Agatha Lupo<\/title>\n<meta name=\"robots\" content=\"index, follow, max-snippet:-1, max-image-preview:large, max-video-preview:-1\" \/>\n<link rel=\"canonical\" href=\"https:\/\/agathalupo.com.br\/agatha-lojinha\/loja\/coleira-de-ambar-baltico-para-pets-35cm\/\" \/>\n<meta property=\"og:locale\" content=\"pt_BR\" \/>\n<meta property=\"og:type\" content=\"article\" \/>\n<meta property=\"og:title\" content=\"Coleira de \u00c2mbar B\u00e1ltico para Pets 35cm. - \u00c2mbar B\u00e1ltico Agatha Lupo\" \/>\n<meta property=\"og:description\" content=\"Coleira de \u00c2mbar B\u00e1ltico para Pets 35cm. Com fecho extensivo em 4 cm. Cada vez mais nos atentamos aos cuidados com a sa\u00fade e bem-estar pessoal buscando alternativas mais naturais e menos agressivas para nos mesmos e tamb\u00e9m ao meio ambiente, mas tamb\u00e9m nos preocupamos com a sa\u00fade e o bem estar de nossos animais [&hellip;]\" \/>\n<meta property=\"og:url\" content=\"https:\/\/agathalupo.com.br\/agatha-lojinha\/loja\/coleira-de-ambar-baltico-para-pets-35cm\/\" \/>\n<meta property=\"og:site_name\" content=\"\u00c2mbar B\u00e1ltico Agatha Lupo\" \/>\n<meta property=\"article:modified_time\" content=\"2019-12-05T20:29:03+00:00\" \/>\n<meta property=\"og:image\" content=\"https:\/\/agathalupo.com.br\/agatha-lojinha\/wp-content\/uploads\/2019\/05\/IMG_3853-scaled.jpg\" \/>\n\t<meta property=\"og:image:width\" content=\"1920\" \/>\n\t<meta property=\"og:image:height\" content=\"2560\" \/>\n\t<meta property=\"og:image:type\" content=\"image\/jpeg\" \/>\n<meta name=\"twitter:card\" content=\"summary_large_image\" \/>\n<meta name=\"twitter:label1\" content=\"Est. tempo de leitura\" \/>\n\t<meta name=\"twitter:data1\" content=\"4 minutos\" \/>\n<script type=\"application\/ld+json\" class=\"yoast-schema-graph\">{\"@context\":\"https:\\\/\\\/schema.org\",\"@graph\":[{\"@type\":\"WebPage\",\"@id\":\"https:\\\/\\\/agathalupo.com.br\\\/agatha-lojinha\\\/loja\\\/coleira-de-ambar-baltico-para-pets-35cm\\\/\",\"url\":\"https:\\\/\\\/agathalupo.com.br\\\/agatha-lojinha\\\/loja\\\/coleira-de-ambar-baltico-para-pets-35cm\\\/\",\"name\":\"Coleira de \u00c2mbar B\u00e1ltico para Pets 35cm. - \u00c2mbar B\u00e1ltico Agatha Lupo\",\"isPartOf\":{\"@id\":\"https:\\\/\\\/agathalupo.com.br\\\/agatha-lojinha\\\/#website\"},\"primaryImageOfPage\":{\"@id\":\"https:\\\/\\\/agathalupo.com.br\\\/agatha-lojinha\\\/loja\\\/coleira-de-ambar-baltico-para-pets-35cm\\\/#primaryimage\"},\"image\":{\"@id\":\"https:\\\/\\\/agathalupo.com.br\\\/agatha-lojinha\\\/loja\\\/coleira-de-ambar-baltico-para-pets-35cm\\\/#primaryimage\"},\"thumbnailUrl\":\"https:\\\/\\\/agathalupo.com.br\\\/agatha-lojinha\\\/wp-content\\\/uploads\\\/2019\\\/05\\\/IMG_3853-scaled.jpg\",\"datePublished\":\"2019-05-29T23:02:45+00:00\",\"dateModified\":\"2019-12-05T20:29:03+00:00\",\"breadcrumb\":{\"@id\":\"https:\\\/\\\/agathalupo.com.br\\\/agatha-lojinha\\\/loja\\\/coleira-de-ambar-baltico-para-pets-35cm\\\/#breadcrumb\"},\"inLanguage\":\"pt-BR\",\"potentialAction\":[{\"@type\":\"ReadAction\",\"target\":[\"https:\\\/\\\/agathalupo.com.br\\\/agatha-lojinha\\\/loja\\\/coleira-de-ambar-baltico-para-pets-35cm\\\/\"]}]},{\"@type\":\"ImageObject\",\"inLanguage\":\"pt-BR\",\"@id\":\"https:\\\/\\\/agathalupo.com.br\\\/agatha-lojinha\\\/loja\\\/coleira-de-ambar-baltico-para-pets-35cm\\\/#primaryimage\",\"url\":\"https:\\\/\\\/agathalupo.com.br\\\/agatha-lojinha\\\/wp-content\\\/uploads\\\/2019\\\/05\\\/IMG_3853-scaled.jpg\",\"contentUrl\":\"https:\\\/\\\/agathalupo.com.br\\\/agatha-lojinha\\\/wp-content\\\/uploads\\\/2019\\\/05\\\/IMG_3853-scaled.jpg\",\"width\":1920,\"height\":2560},{\"@type\":\"BreadcrumbList\",\"@id\":\"https:\\\/\\\/agathalupo.com.br\\\/agatha-lojinha\\\/loja\\\/coleira-de-ambar-baltico-para-pets-35cm\\\/#breadcrumb\",\"itemListElement\":[{\"@type\":\"ListItem\",\"position\":1,\"name\":\"In\u00edcio\",\"item\":\"https:\\\/\\\/agathalupo.com.br\\\/agatha-lojinha\\\/\"},{\"@type\":\"ListItem\",\"position\":2,\"name\":\"Loja\",\"item\":\"https:\\\/\\\/agathalupo.com.br\\\/agatha-lojinha\\\/loja\\\/\"},{\"@type\":\"ListItem\",\"position\":3,\"name\":\"Coleira de \u00c2mbar B\u00e1ltico para Pets 35cm.\"}]},{\"@type\":\"WebSite\",\"@id\":\"https:\\\/\\\/agathalupo.com.br\\\/agatha-lojinha\\\/#website\",\"url\":\"https:\\\/\\\/agathalupo.com.br\\\/agatha-lojinha\\\/\",\"name\":\"\u00c2mbar B\u00e1ltico Agatha Lupo\",\"description\":\"\u00c2mbar B\u00e1ltico\",\"potentialAction\":[{\"@type\":\"SearchAction\",\"target\":{\"@type\":\"EntryPoint\",\"urlTemplate\":\"https:\\\/\\\/agathalupo.com.br\\\/agatha-lojinha\\\/?s={search_term_string}\"},\"query-input\":{\"@type\":\"PropertyValueSpecification\",\"valueRequired\":true,\"valueName\":\"search_term_string\"}}],\"inLanguage\":\"pt-BR\"}]}<\/script>\n<!-- \/ Yoast SEO plugin. -->","yoast_head_json":{"title":"Coleira de \u00c2mbar B\u00e1ltico para Pets 35cm. - \u00c2mbar B\u00e1ltico Agatha Lupo","robots":{"index":"index","follow":"follow","max-snippet":"max-snippet:-1","max-image-preview":"max-image-preview:large","max-video-preview":"max-video-preview:-1"},"canonical":"https:\/\/agathalupo.com.br\/agatha-lojinha\/loja\/coleira-de-ambar-baltico-para-pets-35cm\/","og_locale":"pt_BR","og_type":"article","og_title":"Coleira de \u00c2mbar B\u00e1ltico para Pets 35cm. - \u00c2mbar B\u00e1ltico Agatha Lupo","og_description":"Coleira de \u00c2mbar B\u00e1ltico para Pets 35cm. Com fecho extensivo em 4 cm. Cada vez mais nos atentamos aos cuidados com a sa\u00fade e bem-estar pessoal buscando alternativas mais naturais e menos agressivas para nos mesmos e tamb\u00e9m ao meio ambiente, mas tamb\u00e9m nos preocupamos com a sa\u00fade e o bem estar de nossos animais [&hellip;]","og_url":"https:\/\/agathalupo.com.br\/agatha-lojinha\/loja\/coleira-de-ambar-baltico-para-pets-35cm\/","og_site_name":"\u00c2mbar B\u00e1ltico Agatha Lupo","article_modified_time":"2019-12-05T20:29:03+00:00","og_image":[{"width":1920,"height":2560,"url":"https:\/\/agathalupo.com.br\/agatha-lojinha\/wp-content\/uploads\/2019\/05\/IMG_3853-scaled.jpg","type":"image\/jpeg"}],"twitter_card":"summary_large_image","twitter_misc":{"Est. tempo de leitura":"4 minutos"},"schema":{"@context":"https:\/\/schema.org","@graph":[{"@type":"WebPage","@id":"https:\/\/agathalupo.com.br\/agatha-lojinha\/loja\/coleira-de-ambar-baltico-para-pets-35cm\/","url":"https:\/\/agathalupo.com.br\/agatha-lojinha\/loja\/coleira-de-ambar-baltico-para-pets-35cm\/","name":"Coleira de \u00c2mbar B\u00e1ltico para Pets 35cm. - \u00c2mbar B\u00e1ltico Agatha Lupo","isPartOf":{"@id":"https:\/\/agathalupo.com.br\/agatha-lojinha\/#website"},"primaryImageOfPage":{"@id":"https:\/\/agathalupo.com.br\/agatha-lojinha\/loja\/coleira-de-ambar-baltico-para-pets-35cm\/#primaryimage"},"image":{"@id":"https:\/\/agathalupo.com.br\/agatha-lojinha\/loja\/coleira-de-ambar-baltico-para-pets-35cm\/#primaryimage"},"thumbnailUrl":"https:\/\/agathalupo.com.br\/agatha-lojinha\/wp-content\/uploads\/2019\/05\/IMG_3853-scaled.jpg","datePublished":"2019-05-29T23:02:45+00:00","dateModified":"2019-12-05T20:29:03+00:00","breadcrumb":{"@id":"https:\/\/agathalupo.com.br\/agatha-lojinha\/loja\/coleira-de-ambar-baltico-para-pets-35cm\/#breadcrumb"},"inLanguage":"pt-BR","potentialAction":[{"@type":"ReadAction","target":["https:\/\/agathalupo.com.br\/agatha-lojinha\/loja\/coleira-de-ambar-baltico-para-pets-35cm\/"]}]},{"@type":"ImageObject","inLanguage":"pt-BR","@id":"https:\/\/agathalupo.com.br\/agatha-lojinha\/loja\/coleira-de-ambar-baltico-para-pets-35cm\/#primaryimage","url":"https:\/\/agathalupo.com.br\/agatha-lojinha\/wp-content\/uploads\/2019\/05\/IMG_3853-scaled.jpg","contentUrl":"https:\/\/agathalupo.com.br\/agatha-lojinha\/wp-content\/uploads\/2019\/05\/IMG_3853-scaled.jpg","width":1920,"height":2560},{"@type":"BreadcrumbList","@id":"https:\/\/agathalupo.com.br\/agatha-lojinha\/loja\/coleira-de-ambar-baltico-para-pets-35cm\/#breadcrumb","itemListElement":[{"@type":"ListItem","position":1,"name":"In\u00edcio","item":"https:\/\/agathalupo.com.br\/agatha-lojinha\/"},{"@type":"ListItem","position":2,"name":"Loja","item":"https:\/\/agathalupo.com.br\/agatha-lojinha\/loja\/"},{"@type":"ListItem","position":3,"name":"Coleira de \u00c2mbar B\u00e1ltico para Pets 35cm."}]},{"@type":"WebSite","@id":"https:\/\/agathalupo.com.br\/agatha-lojinha\/#website","url":"https:\/\/agathalupo.com.br\/agatha-lojinha\/","name":"\u00c2mbar B\u00e1ltico Agatha Lupo","description":"\u00c2mbar B\u00e1ltico","potentialAction":[{"@type":"SearchAction","target":{"@type":"EntryPoint","urlTemplate":"https:\/\/agathalupo.com.br\/agatha-lojinha\/?s={search_term_string}"},"query-input":{"@type":"PropertyValueSpecification","valueRequired":true,"valueName":"search_term_string"}}],"inLanguage":"pt-BR"}]}},"_links":{"self":[{"href":"https:\/\/agathalupo.com.br\/agatha-lojinha\/wp-json\/wp\/v2\/product\/6209","targetHints":{"allow":["GET"]}}],"collection":[{"href":"https:\/\/agathalupo.com.br\/agatha-lojinha\/wp-json\/wp\/v2\/product"}],"about":[{"href":"https:\/\/agathalupo.com.br\/agatha-lojinha\/wp-json\/wp\/v2\/types\/product"}],"replies":[{"embeddable":true,"href":"https:\/\/agathalupo.com.br\/agatha-lojinha\/wp-json\/wp\/v2\/comments?post=6209"}],"wp:featuredmedia":[{"embeddable":true,"href":"https:\/\/agathalupo.com.br\/agatha-lojinha\/wp-json\/wp\/v2\/media\/6205"}],"wp:attachment":[{"href":"https:\/\/agathalupo.com.br\/agatha-lojinha\/wp-json\/wp\/v2\/media?parent=6209"}],"wp:term":[{"taxonomy":"product_brand","embeddable":true,"href":"https:\/\/agathalupo.com.br\/agatha-lojinha\/wp-json\/wp\/v2\/product_brand?post=6209"},{"taxonomy":"product_cat","embeddable":true,"href":"https:\/\/agathalupo.com.br\/agatha-lojinha\/wp-json\/wp\/v2\/product_cat?post=6209"},{"taxonomy":"product_tag","embeddable":true,"href":"https:\/\/agathalupo.com.br\/agatha-lojinha\/wp-json\/wp\/v2\/product_tag?post=6209"}],"curies":[{"name":"wp","href":"https:\/\/api.w.org\/{rel}","templated":true}]}}