{"id":6408,"date":"2019-10-15T21:48:58","date_gmt":"2019-10-15T21:48:58","guid":{"rendered":"http:\/\/agathalupo.com.br\/agatha-lojinha\/?post_type=product&#038;p=6408"},"modified":"2019-12-05T20:29:02","modified_gmt":"2019-12-05T20:29:02","slug":"pulseira-infantil-ambar-baltico-mel-2","status":"publish","type":"product","link":"https:\/\/agathalupo.com.br\/agatha-lojinha\/loja\/pulseira-infantil-ambar-baltico-mel-2\/","title":{"rendered":"Pulseira infantil \u00c2mbar B\u00e1ltico Mel"},"content":{"rendered":"<p>DESCRI\u00c7\u00c3O<\/p>\n<p>Pulseira infantil \u00c2mbar B\u00e1ltico Mel em poli\u00e9ster el\u00e1stico com 15 cent\u00edmetros. <\/p>\n<p>Confeccionado artesanalmente com leg\u00edtimo \u00c2mbar B\u00e1ltico 100% org\u00e2nico natural.<\/p>\n<p>Benef\u00edcios do \u00c2mbar B\u00e1ltico para Beb\u00eas e Crian\u00e7as<\/p>\n<p>O \u00c2mbar B\u00e1ltico \u00e9 muito conhecido por auxiliar no al\u00edvio das dores causadas pelo nascimento dos primeiros dentinhos e por suas propriedades calmantes que proporcionam noites mais tranquilas. Por\u00e9m, tamb\u00e9m possui outras propriedades terap\u00eauticas para beb\u00eas e crian\u00e7as:<br \/>\n* estimula o sistema imunol\u00f3gico;<br \/>\n* reduz inflama\u00e7\u00f5es, especialmente nas gengivas;<br \/>\n* acelera o processo de cura natural;<br \/>\n* age como um analg\u00e9sico natural  e auxilia no tratamento de dores de cabe\u00e7a, rigidez articular, etc;<br \/>\n* tamb\u00e9m ajuda a tratar desconfortos relacionados a garganta, ouvidos e est\u00f4mago, bem como febres e resfriados.<\/p>\n<p>CARACTER\u00cdSTICA<\/p>\n<p>O \u00e2mbar b\u00e1ltico \u00e9 uma resina fossilizada formada h\u00e1 cerca de 50 milh\u00f5es de anos, oriunda de pinheiros que desapareceram h\u00e1 mil\u00eanios de anos da superf\u00edcie terrestre.<br \/>\nUm aumento de temperatura fez com que estes pinheiros produzissem uma grande quantidade de \u00e2mbar, que foram levados para regi\u00e3o b\u00e1ltica atrav\u00e9s de for\u00e7as naturais.<br \/>\nPor isso as regi\u00f5es banhadas pelo Mar B\u00e1ltico s\u00e3o as principais fontes de \u00e2mbar b\u00e1ltico. Aproximadamente 90% do \u00e2mbar encontrado no mundo \u00e9 extra\u00eddo desta regi\u00e3o.<br \/>\nMas o que faz do \u00e2mbar b\u00e1ltico t\u00e3o valioso, \u00e9 que em contato com a pele, ele libera de 3 a 8% de \u00e1cido succ\u00ednico, uma subst\u00e2ncia natural que age como anti-inflamat\u00f3rio e auxilia o sistema imunol\u00f3gico, acelerando o processo natural de cura e equilibrando a energia de quem est\u00e1 usando.<\/p>\n<p>GARANTIA<\/p>\n<p>Os colares s\u00e3o originais e importados da Litu\u00e2nia. Todas as pe\u00e7as possuem certificado de autenticidade, n\u00f3s somos a \u00fanica loja qual te oferece a oportunidade de verificar a autenticidade de seu \u00e2mbar tamb\u00e9m online.<\/p>\n<p>Foto ilustrativa.<br \/>\nO produto f\u00edsico pode ter altera\u00e7\u00e3o na cor. Portanto, por ser uma resina natural, ao adquirir o mesmo item, o \u00e2mbar pode ter altera\u00e7\u00e3o na cor.<\/p>\n","protected":false},"excerpt":{"rendered":"<p>DESCRI\u00c7\u00c3O Pulseira infantil \u00c2mbar B\u00e1ltico Mel em poli\u00e9ster el\u00e1stico com 15 cent\u00edmetros. Confeccionado artesanalmente com leg\u00edtimo \u00c2mbar B\u00e1ltico 100% org\u00e2nico natural. Benef\u00edcios do \u00c2mbar B\u00e1ltico para Beb\u00eas e Crian\u00e7as O \u00c2mbar B\u00e1ltico \u00e9 muito conhecido por auxiliar no al\u00edvio das dores causadas pelo nascimento dos primeiros dentinhos e por suas propriedades calmantes que proporcionam noites [&hellip;]<\/p>\n","protected":false},"featured_media":6403,"comment_status":"open","ping_status":"closed","template":"","meta":{"_et_pb_use_builder":"","_et_pb_old_content":"","_et_gb_content_width":""},"product_brand":[],"product_cat":[84,113],"product_tag":[],"class_list":{"0":"post-6408","1":"product","2":"type-product","3":"status-publish","4":"has-post-thumbnail","6":"product_cat-bebe","7":"product_cat-crianca","9":"first","10":"instock","11":"taxable","12":"shipping-taxable","13":"purchasable","14":"product-type-simple"},"yoast_head":"<!-- This site is optimized with the Yoast SEO plugin v27.4 - https:\/\/yoast.com\/product\/yoast-seo-wordpress\/ -->\n<title>Pulseira infantil \u00c2mbar B\u00e1ltico Mel - \u00c2mbar B\u00e1ltico Agatha Lupo<\/title>\n<meta name=\"robots\" content=\"index, follow, max-snippet:-1, max-image-preview:large, max-video-preview:-1\" \/>\n<link rel=\"canonical\" href=\"https:\/\/agathalupo.com.br\/agatha-lojinha\/loja\/pulseira-infantil-ambar-baltico-mel-2\/\" \/>\n<meta property=\"og:locale\" content=\"pt_BR\" \/>\n<meta property=\"og:type\" content=\"article\" \/>\n<meta property=\"og:title\" content=\"Pulseira infantil \u00c2mbar B\u00e1ltico Mel - \u00c2mbar B\u00e1ltico Agatha Lupo\" \/>\n<meta property=\"og:description\" content=\"DESCRI\u00c7\u00c3O Pulseira infantil \u00c2mbar B\u00e1ltico Mel em poli\u00e9ster el\u00e1stico com 15 cent\u00edmetros. Confeccionado artesanalmente com leg\u00edtimo \u00c2mbar B\u00e1ltico 100% org\u00e2nico natural. Benef\u00edcios do \u00c2mbar B\u00e1ltico para Beb\u00eas e Crian\u00e7as O \u00c2mbar B\u00e1ltico \u00e9 muito conhecido por auxiliar no al\u00edvio das dores causadas pelo nascimento dos primeiros dentinhos e por suas propriedades calmantes que proporcionam noites [&hellip;]\" \/>\n<meta property=\"og:url\" content=\"https:\/\/agathalupo.com.br\/agatha-lojinha\/loja\/pulseira-infantil-ambar-baltico-mel-2\/\" \/>\n<meta property=\"og:site_name\" content=\"\u00c2mbar B\u00e1ltico Agatha Lupo\" \/>\n<meta property=\"article:modified_time\" content=\"2019-12-05T20:29:02+00:00\" \/>\n<meta property=\"og:image\" content=\"https:\/\/agathalupo.com.br\/agatha-lojinha\/wp-content\/uploads\/2019\/10\/IMG_1460.jpg\" \/>\n\t<meta property=\"og:image:width\" content=\"1727\" \/>\n\t<meta property=\"og:image:height\" content=\"2302\" \/>\n\t<meta property=\"og:image:type\" content=\"image\/jpeg\" \/>\n<meta name=\"twitter:card\" content=\"summary_large_image\" \/>\n<meta name=\"twitter:label1\" content=\"Est. tempo de leitura\" \/>\n\t<meta name=\"twitter:data1\" content=\"2 minutos\" \/>\n<script type=\"application\/ld+json\" class=\"yoast-schema-graph\">{\"@context\":\"https:\\\/\\\/schema.org\",\"@graph\":[{\"@type\":\"WebPage\",\"@id\":\"https:\\\/\\\/agathalupo.com.br\\\/agatha-lojinha\\\/loja\\\/pulseira-infantil-ambar-baltico-mel-2\\\/\",\"url\":\"https:\\\/\\\/agathalupo.com.br\\\/agatha-lojinha\\\/loja\\\/pulseira-infantil-ambar-baltico-mel-2\\\/\",\"name\":\"Pulseira infantil \u00c2mbar B\u00e1ltico Mel - \u00c2mbar B\u00e1ltico Agatha Lupo\",\"isPartOf\":{\"@id\":\"https:\\\/\\\/agathalupo.com.br\\\/agatha-lojinha\\\/#website\"},\"primaryImageOfPage\":{\"@id\":\"https:\\\/\\\/agathalupo.com.br\\\/agatha-lojinha\\\/loja\\\/pulseira-infantil-ambar-baltico-mel-2\\\/#primaryimage\"},\"image\":{\"@id\":\"https:\\\/\\\/agathalupo.com.br\\\/agatha-lojinha\\\/loja\\\/pulseira-infantil-ambar-baltico-mel-2\\\/#primaryimage\"},\"thumbnailUrl\":\"https:\\\/\\\/agathalupo.com.br\\\/agatha-lojinha\\\/wp-content\\\/uploads\\\/2019\\\/10\\\/IMG_1460.jpg\",\"datePublished\":\"2019-10-15T21:48:58+00:00\",\"dateModified\":\"2019-12-05T20:29:02+00:00\",\"breadcrumb\":{\"@id\":\"https:\\\/\\\/agathalupo.com.br\\\/agatha-lojinha\\\/loja\\\/pulseira-infantil-ambar-baltico-mel-2\\\/#breadcrumb\"},\"inLanguage\":\"pt-BR\",\"potentialAction\":[{\"@type\":\"ReadAction\",\"target\":[\"https:\\\/\\\/agathalupo.com.br\\\/agatha-lojinha\\\/loja\\\/pulseira-infantil-ambar-baltico-mel-2\\\/\"]}]},{\"@type\":\"ImageObject\",\"inLanguage\":\"pt-BR\",\"@id\":\"https:\\\/\\\/agathalupo.com.br\\\/agatha-lojinha\\\/loja\\\/pulseira-infantil-ambar-baltico-mel-2\\\/#primaryimage\",\"url\":\"https:\\\/\\\/agathalupo.com.br\\\/agatha-lojinha\\\/wp-content\\\/uploads\\\/2019\\\/10\\\/IMG_1460.jpg\",\"contentUrl\":\"https:\\\/\\\/agathalupo.com.br\\\/agatha-lojinha\\\/wp-content\\\/uploads\\\/2019\\\/10\\\/IMG_1460.jpg\",\"width\":1727,\"height\":2302},{\"@type\":\"BreadcrumbList\",\"@id\":\"https:\\\/\\\/agathalupo.com.br\\\/agatha-lojinha\\\/loja\\\/pulseira-infantil-ambar-baltico-mel-2\\\/#breadcrumb\",\"itemListElement\":[{\"@type\":\"ListItem\",\"position\":1,\"name\":\"In\u00edcio\",\"item\":\"https:\\\/\\\/agathalupo.com.br\\\/agatha-lojinha\\\/\"},{\"@type\":\"ListItem\",\"position\":2,\"name\":\"Loja\",\"item\":\"https:\\\/\\\/agathalupo.com.br\\\/agatha-lojinha\\\/loja\\\/\"},{\"@type\":\"ListItem\",\"position\":3,\"name\":\"Pulseira infantil \u00c2mbar B\u00e1ltico Mel\"}]},{\"@type\":\"WebSite\",\"@id\":\"https:\\\/\\\/agathalupo.com.br\\\/agatha-lojinha\\\/#website\",\"url\":\"https:\\\/\\\/agathalupo.com.br\\\/agatha-lojinha\\\/\",\"name\":\"\u00c2mbar B\u00e1ltico Agatha Lupo\",\"description\":\"\u00c2mbar B\u00e1ltico\",\"potentialAction\":[{\"@type\":\"SearchAction\",\"target\":{\"@type\":\"EntryPoint\",\"urlTemplate\":\"https:\\\/\\\/agathalupo.com.br\\\/agatha-lojinha\\\/?s={search_term_string}\"},\"query-input\":{\"@type\":\"PropertyValueSpecification\",\"valueRequired\":true,\"valueName\":\"search_term_string\"}}],\"inLanguage\":\"pt-BR\"}]}<\/script>\n<!-- \/ Yoast SEO plugin. -->","yoast_head_json":{"title":"Pulseira infantil \u00c2mbar B\u00e1ltico Mel - \u00c2mbar B\u00e1ltico Agatha Lupo","robots":{"index":"index","follow":"follow","max-snippet":"max-snippet:-1","max-image-preview":"max-image-preview:large","max-video-preview":"max-video-preview:-1"},"canonical":"https:\/\/agathalupo.com.br\/agatha-lojinha\/loja\/pulseira-infantil-ambar-baltico-mel-2\/","og_locale":"pt_BR","og_type":"article","og_title":"Pulseira infantil \u00c2mbar B\u00e1ltico Mel - \u00c2mbar B\u00e1ltico Agatha Lupo","og_description":"DESCRI\u00c7\u00c3O Pulseira infantil \u00c2mbar B\u00e1ltico Mel em poli\u00e9ster el\u00e1stico com 15 cent\u00edmetros. Confeccionado artesanalmente com leg\u00edtimo \u00c2mbar B\u00e1ltico 100% org\u00e2nico natural. Benef\u00edcios do \u00c2mbar B\u00e1ltico para Beb\u00eas e Crian\u00e7as O \u00c2mbar B\u00e1ltico \u00e9 muito conhecido por auxiliar no al\u00edvio das dores causadas pelo nascimento dos primeiros dentinhos e por suas propriedades calmantes que proporcionam noites [&hellip;]","og_url":"https:\/\/agathalupo.com.br\/agatha-lojinha\/loja\/pulseira-infantil-ambar-baltico-mel-2\/","og_site_name":"\u00c2mbar B\u00e1ltico Agatha Lupo","article_modified_time":"2019-12-05T20:29:02+00:00","og_image":[{"width":1727,"height":2302,"url":"https:\/\/agathalupo.com.br\/agatha-lojinha\/wp-content\/uploads\/2019\/10\/IMG_1460.jpg","type":"image\/jpeg"}],"twitter_card":"summary_large_image","twitter_misc":{"Est. tempo de leitura":"2 minutos"},"schema":{"@context":"https:\/\/schema.org","@graph":[{"@type":"WebPage","@id":"https:\/\/agathalupo.com.br\/agatha-lojinha\/loja\/pulseira-infantil-ambar-baltico-mel-2\/","url":"https:\/\/agathalupo.com.br\/agatha-lojinha\/loja\/pulseira-infantil-ambar-baltico-mel-2\/","name":"Pulseira infantil \u00c2mbar B\u00e1ltico Mel - \u00c2mbar B\u00e1ltico Agatha Lupo","isPartOf":{"@id":"https:\/\/agathalupo.com.br\/agatha-lojinha\/#website"},"primaryImageOfPage":{"@id":"https:\/\/agathalupo.com.br\/agatha-lojinha\/loja\/pulseira-infantil-ambar-baltico-mel-2\/#primaryimage"},"image":{"@id":"https:\/\/agathalupo.com.br\/agatha-lojinha\/loja\/pulseira-infantil-ambar-baltico-mel-2\/#primaryimage"},"thumbnailUrl":"https:\/\/agathalupo.com.br\/agatha-lojinha\/wp-content\/uploads\/2019\/10\/IMG_1460.jpg","datePublished":"2019-10-15T21:48:58+00:00","dateModified":"2019-12-05T20:29:02+00:00","breadcrumb":{"@id":"https:\/\/agathalupo.com.br\/agatha-lojinha\/loja\/pulseira-infantil-ambar-baltico-mel-2\/#breadcrumb"},"inLanguage":"pt-BR","potentialAction":[{"@type":"ReadAction","target":["https:\/\/agathalupo.com.br\/agatha-lojinha\/loja\/pulseira-infantil-ambar-baltico-mel-2\/"]}]},{"@type":"ImageObject","inLanguage":"pt-BR","@id":"https:\/\/agathalupo.com.br\/agatha-lojinha\/loja\/pulseira-infantil-ambar-baltico-mel-2\/#primaryimage","url":"https:\/\/agathalupo.com.br\/agatha-lojinha\/wp-content\/uploads\/2019\/10\/IMG_1460.jpg","contentUrl":"https:\/\/agathalupo.com.br\/agatha-lojinha\/wp-content\/uploads\/2019\/10\/IMG_1460.jpg","width":1727,"height":2302},{"@type":"BreadcrumbList","@id":"https:\/\/agathalupo.com.br\/agatha-lojinha\/loja\/pulseira-infantil-ambar-baltico-mel-2\/#breadcrumb","itemListElement":[{"@type":"ListItem","position":1,"name":"In\u00edcio","item":"https:\/\/agathalupo.com.br\/agatha-lojinha\/"},{"@type":"ListItem","position":2,"name":"Loja","item":"https:\/\/agathalupo.com.br\/agatha-lojinha\/loja\/"},{"@type":"ListItem","position":3,"name":"Pulseira infantil \u00c2mbar B\u00e1ltico Mel"}]},{"@type":"WebSite","@id":"https:\/\/agathalupo.com.br\/agatha-lojinha\/#website","url":"https:\/\/agathalupo.com.br\/agatha-lojinha\/","name":"\u00c2mbar B\u00e1ltico Agatha Lupo","description":"\u00c2mbar B\u00e1ltico","potentialAction":[{"@type":"SearchAction","target":{"@type":"EntryPoint","urlTemplate":"https:\/\/agathalupo.com.br\/agatha-lojinha\/?s={search_term_string}"},"query-input":{"@type":"PropertyValueSpecification","valueRequired":true,"valueName":"search_term_string"}}],"inLanguage":"pt-BR"}]}},"_links":{"self":[{"href":"https:\/\/agathalupo.com.br\/agatha-lojinha\/wp-json\/wp\/v2\/product\/6408","targetHints":{"allow":["GET"]}}],"collection":[{"href":"https:\/\/agathalupo.com.br\/agatha-lojinha\/wp-json\/wp\/v2\/product"}],"about":[{"href":"https:\/\/agathalupo.com.br\/agatha-lojinha\/wp-json\/wp\/v2\/types\/product"}],"replies":[{"embeddable":true,"href":"https:\/\/agathalupo.com.br\/agatha-lojinha\/wp-json\/wp\/v2\/comments?post=6408"}],"wp:featuredmedia":[{"embeddable":true,"href":"https:\/\/agathalupo.com.br\/agatha-lojinha\/wp-json\/wp\/v2\/media\/6403"}],"wp:attachment":[{"href":"https:\/\/agathalupo.com.br\/agatha-lojinha\/wp-json\/wp\/v2\/media?parent=6408"}],"wp:term":[{"taxonomy":"product_brand","embeddable":true,"href":"https:\/\/agathalupo.com.br\/agatha-lojinha\/wp-json\/wp\/v2\/product_brand?post=6408"},{"taxonomy":"product_cat","embeddable":true,"href":"https:\/\/agathalupo.com.br\/agatha-lojinha\/wp-json\/wp\/v2\/product_cat?post=6408"},{"taxonomy":"product_tag","embeddable":true,"href":"https:\/\/agathalupo.com.br\/agatha-lojinha\/wp-json\/wp\/v2\/product_tag?post=6408"}],"curies":[{"name":"wp","href":"https:\/\/api.w.org\/{rel}","templated":true}]}}